{"id":14,"date":"2021-11-21T15:14:19","date_gmt":"2021-11-21T14:14:19","guid":{"rendered":"https:\/\/accepta-stb.de\/about\/"},"modified":"2025-10-06T13:09:25","modified_gmt":"2025-10-06T11:09:25","slug":"ueber-uns","status":"publish","type":"page","link":"https:\/\/accepta-stb.de\/?page_id=14","title":{"rendered":"\u00dcber uns"},"content":{"rendered":"\t\t<div data-elementor-type=\"wp-page\" data-elementor-id=\"14\" class=\"elementor elementor-14\">\n\t\t\t\t\t\t<section class=\"elementor-section elementor-top-section elementor-element elementor-element-c8ddeb6 elementor-section-height-min-height elementor-section-boxed elementor-section-height-default elementor-section-items-middle\" data-id=\"c8ddeb6\" data-element_type=\"section\" data-e-type=\"section\" data-settings=\"{&quot;background_background&quot;:&quot;classic&quot;}\">\n\t\t\t\t\t\t\t<div class=\"elementor-background-overlay\"><\/div>\n\t\t\t\t\t\t\t<div class=\"elementor-container elementor-column-gap-default\">\n\t\t\t\t\t<div class=\"elementor-column elementor-col-100 elementor-top-column elementor-element elementor-element-6a5337e\" data-id=\"6a5337e\" data-element_type=\"column\" data-e-type=\"column\">\n\t\t\t<div class=\"elementor-widget-wrap elementor-element-populated\">\n\t\t\t\t\t\t<div class=\"elementor-element elementor-element-feefb6c elementor-widget elementor-widget-heading\" data-id=\"feefb6c\" data-element_type=\"widget\" data-e-type=\"widget\" data-widget_type=\"heading.default\">\n\t\t\t\t<div class=\"elementor-widget-container\">\n\t\t\t\t\t<h1 class=\"elementor-heading-title elementor-size-default\">\u00dcber uns<\/h1>\t\t\t\t<\/div>\n\t\t\t\t<\/div>\n\t\t\t\t\t<\/div>\n\t\t<\/div>\n\t\t\t\t\t<\/div>\n\t\t<\/section>\n\t\t\t\t<section class=\"elementor-section elementor-top-section elementor-element elementor-element-034f786 elementor-section-boxed elementor-section-height-default elementor-section-height-default\" data-id=\"034f786\" data-element_type=\"section\" data-e-type=\"section\">\n\t\t\t\t\t\t<div class=\"elementor-container elementor-column-gap-default\">\n\t\t\t\t\t<div class=\"elementor-column elementor-col-100 elementor-top-column elementor-element elementor-element-ba0c118\" data-id=\"ba0c118\" data-element_type=\"column\" data-e-type=\"column\" data-settings=\"{&quot;background_background&quot;:&quot;classic&quot;}\">\n\t\t\t<div class=\"elementor-widget-wrap elementor-element-populated\">\n\t\t\t\t\t\t<div class=\"elementor-element elementor-element-d35be41 elementor-hidden-mobile elementor-widget elementor-widget-heading\" data-id=\"d35be41\" data-element_type=\"widget\" data-e-type=\"widget\" data-widget_type=\"heading.default\">\n\t\t\t\t<div class=\"elementor-widget-container\">\n\t\t\t\t\t<h3 class=\"elementor-heading-title elementor-size-default\">Zur Geschichte der\nACCEPTA-TREUHAND Steuern GmbH und zum Werdegang ihrer Gesellschafter<\/h3>\t\t\t\t<\/div>\n\t\t\t\t<\/div>\n\t\t\t\t<div class=\"elementor-element elementor-element-15d6dc5 elementor-hidden-desktop elementor-hidden-tablet elementor-widget elementor-widget-heading\" data-id=\"15d6dc5\" data-element_type=\"widget\" data-e-type=\"widget\" data-widget_type=\"heading.default\">\n\t\t\t\t<div class=\"elementor-widget-container\">\n\t\t\t\t\t<h3 class=\"elementor-heading-title elementor-size-default\">Zur Geschichte der\nACCEPTA-TREUHAND Steuerberatungs-gesellschaft mbH und zum Werdegang ihrer Gesellschafter<\/h3>\t\t\t\t<\/div>\n\t\t\t\t<\/div>\n\t\t\t\t<div class=\"elementor-element elementor-element-8fa3d11 elementor-widget elementor-widget-text-editor\" data-id=\"8fa3d11\" data-element_type=\"widget\" data-e-type=\"widget\" data-widget_type=\"text-editor.default\">\n\t\t\t\t<div class=\"elementor-widget-container\">\n\t\t\t\t\t\t\t\t\t<p>Gr\u00fcndung im Jahr 1985 durch Frau Brigitte Grzeja als Mitgesellschafterin der Steuerberatungsgesellschaft mbH (HRB 23972 B)<br>Standort: Halberst\u00e4dter Stra\u00dfe 6 in 10711 Berlin-Halensee.<\/p>\n<p>Eintritt in die Steuerberatungsgesellschaft mbH am 19.2.1999:<br>Herr Karl-Friedrich Pfizenmayer, Steuerberater, Wirtschaftspr\u00fcfer und Rechtsanwalt, wurde zum Gesch\u00e4ftsf\u00fchrer mit <br>Einzelvertretungsbefugnis bestellt und am 16.7.1999 in das Handelsregister eingetragen.<\/p>\n<p>Werdegang der Gr\u00fcnderin Frau Brigitte Grzeja:<br>Frau Grzeja hat in Hamburg und in Berlin (West) in verschiedenen Steuerkanzleien als Steuerfachangestellte und Bilanzbuchhalterin die Steuerberatung von der Pike auf gelernt. Dabei hat sie sich neben der steuerlichen T\u00e4tigkeit f\u00fcr Mandanten insbesondere auf die interne Organisation einer Steuerberatungsgesellschaft konzentriert. Als sie von Hamburg nach Berlin (West) kam, hat sie sich in <br>einer Steuerberaterkanzlei auf die steuerliche Beratung von Apotheken spezialisiert.<br>Im Rahmen einer geplanten Nachfolgeregelung hat Frau Grzeja zusammen mit einem \u00e4lteren Steuerberater im M\u00e4rz 1985 als Mitgesellschafterin die ACCEPTA-TREUHAND Steuerberatungsgesellschaft mbH gegr\u00fcndet. Nach der Wende hat die Gesellschaft eine Niederlassung in Treuenbrietzen errichtet und von dort aus Mandate in den neuen Bundesl\u00e4ndern betreut. Das B\u00fcro der Gesellschaft <br>in der Halberst\u00e4dter Stra\u00dfe 6 in 10711 Berlin-Halensee besteht seit Februar 1992.<\/p>\n<p>Werdegang des Gesellschafter-Gesch\u00e4ftsf\u00fchrers Pfizenmayer:<br>Jurastudium in Heidelberg und in Hamburg \u2013 beide juristischen Staatsexamen in Hamburg abgelegt \u2013 1973 und 1976.<br>Steuerberaterexamen am 4.2.1982 in Hamburg. Wirtschaftspr\u00fcferexamen am 17.12.1987 in Berlin.<br>Berufliche T\u00e4tigkeiten in gr\u00f6\u00dferen Wirtschaftspr\u00fcfungsgesellschaften in Hamburg von 1978 bis 1985 (Susat &amp; Partner) und von 1988 bis 1993 (Busch- Dr. M\u00fcller &amp; Partner) und nach der Wende wieder am Standort Berlin von 1993 bis 1997 (R\u00f6lfs Partner) sowie als selbst\u00e4ndiger Berater;<br>T\u00e4tigkeiten als Steuerberater in Berlin (West) von 1985 bis 1987 in einer Steuerberaterkanzlei (spezialisiert f\u00fcr Immobiliengesellschaften und -unternehmen) und als pr\u00fcfender WP in kooperativer Zusammenarbeit mit erstellenden Steuerberatern bis zum 30.9.1988 und nach der Wende als selbst\u00e4ndiger Berater. WP * RA *StB von 1999 bis heute, insbesondere als Gesch\u00e4ftsf\u00fchrer der ACCEPTA-TREUHAND Steuern GmbH.<\/p>\t\t\t\t\t\t\t\t<\/div>\n\t\t\t\t<\/div>\n\t\t\t\t\t<\/div>\n\t\t<\/div>\n\t\t\t\t\t<\/div>\n\t\t<\/section>\n\t\t\t\t<section class=\"elementor-section elementor-top-section elementor-element elementor-element-d9acfe7 elementor-section-content-middle elementor-section-boxed elementor-section-height-default elementor-section-height-default\" data-id=\"d9acfe7\" data-element_type=\"section\" data-e-type=\"section\" data-settings=\"{&quot;background_background&quot;:&quot;classic&quot;}\">\n\t\t\t\t\t\t<div class=\"elementor-container elementor-column-gap-default\">\n\t\t\t\t\t<div class=\"elementor-column elementor-col-100 elementor-top-column elementor-element elementor-element-831b75f\" data-id=\"831b75f\" data-element_type=\"column\" data-e-type=\"column\">\n\t\t\t<div class=\"elementor-widget-wrap elementor-element-populated\">\n\t\t\t\t\t\t<div class=\"elementor-element elementor-element-6260bc9 elementor-widget elementor-widget-heading\" data-id=\"6260bc9\" data-element_type=\"widget\" data-e-type=\"widget\" data-widget_type=\"heading.default\">\n\t\t\t\t<div class=\"elementor-widget-container\">\n\t\t\t\t\t<h3 class=\"elementor-heading-title elementor-size-default\">Ihr Ansprechpartner seit 1985 \u2013 Kontakt aufnehmen<\/h3>\t\t\t\t<\/div>\n\t\t\t\t<\/div>\n\t\t\t\t<div class=\"elementor-element elementor-element-3c19b4e elementor-widget elementor-widget-text-editor\" data-id=\"3c19b4e\" data-element_type=\"widget\" data-e-type=\"widget\" data-widget_type=\"text-editor.default\">\n\t\t\t\t<div class=\"elementor-widget-container\">\n\t\t\t\t\t\t\t\t\t<p><span style=\"font-style: inherit; font-weight: inherit;\">Sie haben Fragen zum Thema Steuern an unsere Steuerberatungsgesellschaft, suchen einen Wirtschaftspr\u00fcfer in Berlin oder haben ein anderes Anliegen? Dann kontaktieren Sie uns gerne telefonisch, per E-Mail oder \u00fcber das Kontaktformular.<\/span><br><\/p>\t\t\t\t\t\t\t\t<\/div>\n\t\t\t\t<\/div>\n\t\t\t\t<div class=\"elementor-element elementor-element-26cf213 elementor-align-center elementor-widget elementor-widget-button\" data-id=\"26cf213\" data-element_type=\"widget\" data-e-type=\"widget\" data-widget_type=\"button.default\">\n\t\t\t\t<div class=\"elementor-widget-container\">\n\t\t\t\t\t\t\t\t\t<div class=\"elementor-button-wrapper\">\n\t\t\t\t\t<a class=\"elementor-button elementor-button-link elementor-size-sm\" href=\"https:\/\/accepta-stb.de\/kontakt\/\">\n\t\t\t\t\t\t<span class=\"elementor-button-content-wrapper\">\n\t\t\t\t\t\t\t\t\t<span class=\"elementor-button-text\">Kontakt<\/span>\n\t\t\t\t\t<\/span>\n\t\t\t\t\t<\/a>\n\t\t\t\t<\/div>\n\t\t\t\t\t\t\t\t<\/div>\n\t\t\t\t<\/div>\n\t\t\t\t\t<\/div>\n\t\t<\/div>\n\t\t\t\t\t<\/div>\n\t\t<\/section>\n\t\t\t\t<\/div>\n\t\t","protected":false},"excerpt":{"rendered":"<p>\u00dcber uns Zur Geschichte der ACCEPTA-TREUHAND Steuern GmbH und zum Werdegang ihrer Gesellschafter Zur Geschichte der ACCEPTA-TREUHAND Steuerberatungs-gesellschaft mbH und zum Werdegang ihrer Gesellschafter Gr\u00fcndung im Jahr 1985 durch Frau Brigitte Grzeja als Mitgesellschafterin der Steuerberatungsgesellschaft mbH (HRB 23972 B)Standort: Halberst\u00e4dter Stra\u00dfe 6 in 10711 Berlin-Halensee. Eintritt in die Steuerberatungsgesellschaft mbH am 19.2.1999:Herr Karl-Friedrich Pfizenmayer, [&hellip;]<\/p>\n","protected":false},"author":1,"featured_media":0,"parent":0,"menu_order":0,"comment_status":"closed","ping_status":"closed","template":"","meta":{"site-sidebar-layout":"no-sidebar","site-content-layout":"page-builder","ast-site-content-layout":"default","site-content-style":"default","site-sidebar-style":"default","ast-global-header-display":"","ast-banner-title-visibility":"","ast-main-header-display":"","ast-hfb-above-header-display":"","ast-hfb-below-header-display":"","ast-hfb-mobile-header-display":"","site-post-title":"disabled","ast-breadcrumbs-content":"","ast-featured-img":"disabled","footer-sml-layout":"","ast-disable-related-posts":"","theme-transparent-header-meta":"enabled","adv-header-id-meta":"","stick-header-meta":"","header-above-stick-meta":"","header-main-stick-meta":"","header-below-stick-meta":"","astra-migrate-meta-layouts":"default","ast-page-background-enabled":"default","ast-page-background-meta":{"desktop":{"background-color":"var(--ast-global-color-4)","background-image":"","background-repeat":"repeat","background-position":"center center","background-size":"auto","background-attachment":"scroll","background-type":"","background-media":"","overlay-type":"","overlay-color":"","overlay-opacity":"","overlay-gradient":""},"tablet":{"background-color":"","background-image":"","background-repeat":"repeat","background-position":"center center","background-size":"auto","background-attachment":"scroll","background-type":"","background-media":"","overlay-type":"","overlay-color":"","overlay-opacity":"","overlay-gradient":""},"mobile":{"background-color":"","background-image":"","background-repeat":"repeat","background-position":"center center","background-size":"auto","background-attachment":"scroll","background-type":"","background-media":"","overlay-type":"","overlay-color":"","overlay-opacity":"","overlay-gradient":""}},"ast-content-background-meta":{"desktop":{"background-color":"var(--ast-global-color-5)","background-image":"","background-repeat":"repeat","background-position":"center center","background-size":"auto","background-attachment":"scroll","background-type":"","background-media":"","overlay-type":"","overlay-color":"","overlay-opacity":"","overlay-gradient":""},"tablet":{"background-color":"var(--ast-global-color-5)","background-image":"","background-repeat":"repeat","background-position":"center center","background-size":"auto","background-attachment":"scroll","background-type":"","background-media":"","overlay-type":"","overlay-color":"","overlay-opacity":"","overlay-gradient":""},"mobile":{"background-color":"var(--ast-global-color-5)","background-image":"","background-repeat":"repeat","background-position":"center center","background-size":"auto","background-attachment":"scroll","background-type":"","background-media":"","overlay-type":"","overlay-color":"","overlay-opacity":"","overlay-gradient":""}},"footnotes":""},"class_list":["post-14","page","type-page","status-publish","hentry"],"_links":{"self":[{"href":"https:\/\/accepta-stb.de\/index.php?rest_route=\/wp\/v2\/pages\/14","targetHints":{"allow":["GET"]}}],"collection":[{"href":"https:\/\/accepta-stb.de\/index.php?rest_route=\/wp\/v2\/pages"}],"about":[{"href":"https:\/\/accepta-stb.de\/index.php?rest_route=\/wp\/v2\/types\/page"}],"author":[{"embeddable":true,"href":"https:\/\/accepta-stb.de\/index.php?rest_route=\/wp\/v2\/users\/1"}],"replies":[{"embeddable":true,"href":"https:\/\/accepta-stb.de\/index.php?rest_route=%2Fwp%2Fv2%2Fcomments&post=14"}],"version-history":[{"count":31,"href":"https:\/\/accepta-stb.de\/index.php?rest_route=\/wp\/v2\/pages\/14\/revisions"}],"predecessor-version":[{"id":26462,"href":"https:\/\/accepta-stb.de\/index.php?rest_route=\/wp\/v2\/pages\/14\/revisions\/26462"}],"wp:attachment":[{"href":"https:\/\/accepta-stb.de\/index.php?rest_route=%2Fwp%2Fv2%2Fmedia&parent=14"}],"curies":[{"name":"wp","href":"https:\/\/api.w.org\/{rel}","templated":true}]}}